{"id":146,"date":"2022-06-20T10:32:27","date_gmt":"2022-06-20T10:32:27","guid":{"rendered":"http:\/\/kilometrodelarte.5176.es\/?page_id=146"},"modified":"2022-06-21T09:36:55","modified_gmt":"2022-06-21T09:36:55","slug":"olarte-en-busca-de-un-sueno","status":"publish","type":"page","link":"https:\/\/kilometrodelarte.5176.es\/index.php\/olarte-en-busca-de-un-sueno\/","title":{"rendered":"Olarte &#8211; En busca de un sue\u00f1o"},"content":{"rendered":"\t\t<div data-elementor-type=\"wp-page\" data-elementor-id=\"146\" class=\"elementor elementor-146\">\n\t\t\t\t\t\t\t\t\t<section class=\"elementor-section elementor-top-section elementor-element elementor-element-733529b elementor-section-boxed elementor-section-height-default elementor-section-height-default\" data-id=\"733529b\" data-element_type=\"section\">\n\t\t\t\t\t\t<div class=\"elementor-container elementor-column-gap-default\">\n\t\t\t\t\t<div class=\"elementor-column elementor-col-33 elementor-top-column elementor-element elementor-element-a8b8aaf\" data-id=\"a8b8aaf\" data-element_type=\"column\">\n\t\t\t<div class=\"elementor-widget-wrap\">\n\t\t\t\t\t\t\t\t\t<\/div>\n\t\t<\/div>\n\t\t\t\t<div class=\"elementor-column elementor-col-33 elementor-top-column elementor-element elementor-element-4ee8044\" data-id=\"4ee8044\" data-element_type=\"column\">\n\t\t\t<div class=\"elementor-widget-wrap elementor-element-populated\">\n\t\t\t\t\t\t\t\t<div class=\"elementor-element elementor-element-7b819c8 elementor-widget elementor-widget-heading\" data-id=\"7b819c8\" data-element_type=\"widget\" data-widget_type=\"heading.default\">\n\t\t\t\t<div class=\"elementor-widget-container\">\n\t\t\t<style>\/*! elementor - v3.6.5 - 27-04-2022 *\/\n.elementor-heading-title{padding:0;margin:0;line-height:1}.elementor-widget-heading .elementor-heading-title[class*=elementor-size-]>a{color:inherit;font-size:inherit;line-height:inherit}.elementor-widget-heading .elementor-heading-title.elementor-size-small{font-size:15px}.elementor-widget-heading .elementor-heading-title.elementor-size-medium{font-size:19px}.elementor-widget-heading .elementor-heading-title.elementor-size-large{font-size:29px}.elementor-widget-heading .elementor-heading-title.elementor-size-xl{font-size:39px}.elementor-widget-heading .elementor-heading-title.elementor-size-xxl{font-size:59px}<\/style><h2 class=\"elementor-heading-title elementor-size-default\">OLARTE<\/h2>\t\t<\/div>\n\t\t\t\t<\/div>\n\t\t\t\t<div class=\"elementor-element elementor-element-462a997 elementor-widget elementor-widget-heading\" data-id=\"462a997\" data-element_type=\"widget\" data-widget_type=\"heading.default\">\n\t\t\t\t<div class=\"elementor-widget-container\">\n\t\t\t<h4 class=\"elementor-heading-title elementor-size-default\">En busca de un sue\u00f1o<\/h4>\t\t<\/div>\n\t\t\t\t<\/div>\n\t\t\t\t\t<\/div>\n\t\t<\/div>\n\t\t\t\t<div class=\"elementor-column elementor-col-33 elementor-top-column elementor-element elementor-element-0ce991c\" data-id=\"0ce991c\" data-element_type=\"column\">\n\t\t\t<div class=\"elementor-widget-wrap\">\n\t\t\t\t\t\t\t\t\t<\/div>\n\t\t<\/div>\n\t\t\t\t\t\t\t<\/div>\n\t\t<\/section>\n\t\t\t\t<section class=\"elementor-section elementor-top-section elementor-element elementor-element-d2af1fb elementor-section-boxed elementor-section-height-default elementor-section-height-default\" data-id=\"d2af1fb\" data-element_type=\"section\">\n\t\t\t\t\t\t<div class=\"elementor-container elementor-column-gap-default\">\n\t\t\t\t\t<div class=\"elementor-column elementor-col-33 elementor-top-column elementor-element elementor-element-1f92092\" data-id=\"1f92092\" data-element_type=\"column\">\n\t\t\t<div class=\"elementor-widget-wrap elementor-element-populated\">\n\t\t\t\t\t\t\t\t<div class=\"elementor-element elementor-element-30a26cd elementor-align-right elementor-widget elementor-widget-button\" data-id=\"30a26cd\" data-element_type=\"widget\" data-widget_type=\"button.default\">\n\t\t\t\t<div class=\"elementor-widget-container\">\n\t\t\t\t\t<div class=\"elementor-button-wrapper\">\n\t\t\t<a href=\"#\" class=\"elementor-button-link elementor-button elementor-size-sm\" role=\"button\">\n\t\t\t\t\t\t<span class=\"elementor-button-content-wrapper\">\n\t\t\t\t\t\t<span class=\"elementor-button-text\">Autor<\/span>\n\t\t<\/span>\n\t\t\t\t\t<\/a>\n\t\t<\/div>\n\t\t\t\t<\/div>\n\t\t\t\t<\/div>\n\t\t\t\t<div class=\"elementor-element elementor-element-061c54f elementor-align-right elementor-widget elementor-widget-button\" data-id=\"061c54f\" data-element_type=\"widget\" data-widget_type=\"button.default\">\n\t\t\t\t<div class=\"elementor-widget-container\">\n\t\t\t\t\t<div class=\"elementor-button-wrapper\">\n\t\t\t<a href=\"#\" class=\"elementor-button-link elementor-button elementor-size-sm\" role=\"button\">\n\t\t\t\t\t\t<span class=\"elementor-button-content-wrapper\">\n\t\t\t\t\t\t<span class=\"elementor-button-text\">Proyecto<\/span>\n\t\t<\/span>\n\t\t\t\t\t<\/a>\n\t\t<\/div>\n\t\t\t\t<\/div>\n\t\t\t\t<\/div>\n\t\t\t\t<div class=\"elementor-element elementor-element-3d77410 elementor-align-right elementor-widget elementor-widget-button\" data-id=\"3d77410\" data-element_type=\"widget\" data-widget_type=\"button.default\">\n\t\t\t\t<div class=\"elementor-widget-container\">\n\t\t\t\t\t<div class=\"elementor-button-wrapper\">\n\t\t\t<a href=\"#\" class=\"elementor-button-link elementor-button elementor-size-sm\" role=\"button\">\n\t\t\t\t\t\t<span class=\"elementor-button-content-wrapper\">\n\t\t\t\t\t\t<span class=\"elementor-button-text\">Proceso<\/span>\n\t\t<\/span>\n\t\t\t\t\t<\/a>\n\t\t<\/div>\n\t\t\t\t<\/div>\n\t\t\t\t<\/div>\n\t\t\t\t<div class=\"elementor-element elementor-element-ad1a0e6 elementor-align-right elementor-widget elementor-widget-button\" data-id=\"ad1a0e6\" data-element_type=\"widget\" data-widget_type=\"button.default\">\n\t\t\t\t<div class=\"elementor-widget-container\">\n\t\t\t\t\t<div class=\"elementor-button-wrapper\">\n\t\t\t<a href=\"#\" class=\"elementor-button-link elementor-button elementor-size-sm\" role=\"button\">\n\t\t\t\t\t\t<span class=\"elementor-button-content-wrapper\">\n\t\t\t\t\t\t<span class=\"elementor-button-text\">Inauguraci\u00f3n<\/span>\n\t\t<\/span>\n\t\t\t\t\t<\/a>\n\t\t<\/div>\n\t\t\t\t<\/div>\n\t\t\t\t<\/div>\n\t\t\t\t\t<\/div>\n\t\t<\/div>\n\t\t\t\t<div class=\"elementor-column elementor-col-33 elementor-top-column elementor-element elementor-element-f8d7a02\" data-id=\"f8d7a02\" data-element_type=\"column\">\n\t\t\t<div class=\"elementor-widget-wrap elementor-element-populated\">\n\t\t\t\t\t\t\t\t<div class=\"elementor-element elementor-element-9d611b7 elementor-widget elementor-widget-image\" data-id=\"9d611b7\" data-element_type=\"widget\" data-widget_type=\"image.default\">\n\t\t\t\t<div class=\"elementor-widget-container\">\n\t\t\t<style>\/*! elementor - v3.6.5 - 27-04-2022 *\/\n.elementor-widget-image{text-align:center}.elementor-widget-image a{display:inline-block}.elementor-widget-image a img[src$=\".svg\"]{width:48px}.elementor-widget-image img{vertical-align:middle;display:inline-block}<\/style>\t\t\t\t\t\t\t\t\t\t\t\t<img loading=\"lazy\" decoding=\"async\" width=\"260\" height=\"260\" src=\"https:\/\/kilometrodelarte.5176.es\/wp-content\/uploads\/2022\/06\/olarte.jpg\" class=\"attachment-large size-large\" alt=\"fotografia de olarte\" srcset=\"https:\/\/kilometrodelarte.5176.es\/wp-content\/uploads\/2022\/06\/olarte.jpg 260w, https:\/\/kilometrodelarte.5176.es\/wp-content\/uploads\/2022\/06\/olarte-150x150.jpg 150w\" sizes=\"auto, (max-width: 260px) 100vw, 260px\" \/>\t\t\t\t\t\t\t\t\t\t\t\t\t\t\t<\/div>\n\t\t\t\t<\/div>\n\t\t\t\t\t<\/div>\n\t\t<\/div>\n\t\t\t\t<div class=\"elementor-column elementor-col-33 elementor-top-column elementor-element elementor-element-2693e8f\" data-id=\"2693e8f\" data-element_type=\"column\">\n\t\t\t<div class=\"elementor-widget-wrap\">\n\t\t\t\t\t\t\t\t\t<\/div>\n\t\t<\/div>\n\t\t\t\t\t\t\t<\/div>\n\t\t<\/section>\n\t\t\t\t<section class=\"elementor-section elementor-top-section elementor-element elementor-element-ddce9ff elementor-section-boxed elementor-section-height-default elementor-section-height-default\" data-id=\"ddce9ff\" data-element_type=\"section\">\n\t\t\t\t\t\t<div class=\"elementor-container elementor-column-gap-default\">\n\t\t\t\t\t<div class=\"elementor-column elementor-col-33 elementor-top-column elementor-element elementor-element-a3908c7\" data-id=\"a3908c7\" data-element_type=\"column\">\n\t\t\t<div class=\"elementor-widget-wrap\">\n\t\t\t\t\t\t\t\t\t<\/div>\n\t\t<\/div>\n\t\t\t\t<div class=\"elementor-column elementor-col-33 elementor-top-column elementor-element elementor-element-6004db2\" data-id=\"6004db2\" data-element_type=\"column\">\n\t\t\t<div class=\"elementor-widget-wrap elementor-element-populated\">\n\t\t\t\t\t\t\t\t<div class=\"elementor-element elementor-element-8760540 elementor-widget elementor-widget-text-editor\" data-id=\"8760540\" data-element_type=\"widget\" data-widget_type=\"text-editor.default\">\n\t\t\t\t<div class=\"elementor-widget-container\">\n\t\t\t<style>\/*! elementor - v3.6.5 - 27-04-2022 *\/\n.elementor-widget-text-editor.elementor-drop-cap-view-stacked .elementor-drop-cap{background-color:#818a91;color:#fff}.elementor-widget-text-editor.elementor-drop-cap-view-framed .elementor-drop-cap{color:#818a91;border:3px solid;background-color:transparent}.elementor-widget-text-editor:not(.elementor-drop-cap-view-default) .elementor-drop-cap{margin-top:8px}.elementor-widget-text-editor:not(.elementor-drop-cap-view-default) .elementor-drop-cap-letter{width:1em;height:1em}.elementor-widget-text-editor .elementor-drop-cap{float:left;text-align:center;line-height:1;font-size:50px}.elementor-widget-text-editor .elementor-drop-cap-letter{display:inline-block}<\/style>\t\t\t\t<p><strong>Jos\u00e9 Antonio Olarte (Haro, 1958)<\/strong><br \/>Artista autodidacta, caracterizado por la constancia, duro trabajo, aprendizaje y compromiso con su obra, sobre todo escult\u00f3rica, que le han permitido elaborar pinturas y esculturas en diferentes formatos y materiales (acero, bronce o madera), realizadas con un lenguaje sobrio y sint\u00e9tico.<\/p><p>Para \u00e9l, la arquitectura ha sido y es una forma de lenguaje constante: composiciones de elipses, curvas, manteniendo el equilibrio entre las diferentes formas geom\u00e9tricas y org\u00e1nicas. Intenta no utilizar l\u00edneas y \u00e1ngulos por la dureza de los mismos. Para \u00e9l, el hecho de que haya posibilidades infinitas de formas (l\u00edneas y \u00e1ngulos) le permite descubrir un \u00a8gesto\u00a8 con el que pueda realizar sus obras ya que va evolucionando y cambiando con el tiempo.<\/p><p>Entre las obras m\u00e1s significativas se pueden mencionar por su simbolismo: \u201cNaves de Paso\u201d, Puerta oeste de entrada a la ciudad de Logro\u00f1o; \u201c364 +1\u201d instalaci\u00f3n realizada para la exposici\u00f3n 11111 en el Brescia Musei de Brescia en Italia; \u201cEspacio compartido\u201d en Solar de Febrer; \u201cTopograf\u00eda de un d\u00eda gris\u201c, \u201cEn busca de un sue\u00f1o\u201d instalaci\u00f3n en el Camino de Santiago, \u201cReflexi\u00f3n 40756\u201d escultura en el Camino de Santiago, \u201c42,195\u201d, \u201cSue\u00f1o de \u00cdcaro\u201d para la empresa MASA, \u201cPaseo por la vida\u201d y las series de esculturas en hierro forjado \u201cSombras\u201d y \u201cCiclos\u201d.<\/p><p>A partir de 1996 comienza a realizar exposiciones en Espa\u00f1a y fuera de ella.<\/p>\t\t\t\t\t\t<\/div>\n\t\t\t\t<\/div>\n\t\t\t\t\t<\/div>\n\t\t<\/div>\n\t\t\t\t<div class=\"elementor-column elementor-col-33 elementor-top-column elementor-element elementor-element-19559ac\" data-id=\"19559ac\" data-element_type=\"column\">\n\t\t\t<div class=\"elementor-widget-wrap elementor-element-populated\">\n\t\t\t\t\t\t\t\t<div class=\"elementor-element elementor-element-f652d67 elementor-widget elementor-widget-image\" data-id=\"f652d67\" data-element_type=\"widget\" data-widget_type=\"image.default\">\n\t\t\t\t<div class=\"elementor-widget-container\">\n\t\t\t\t\t\t\t\t\t\t\t\t\t\t\t<img decoding=\"async\" src=\"https:\/\/kilometrodelarte.5176.es\/wp-content\/plugins\/elementor\/assets\/images\/placeholder.png\" title=\"\" alt=\"\" \/>\t\t\t\t\t\t\t\t\t\t\t\t\t\t\t<\/div>\n\t\t\t\t<\/div>\n\t\t\t\t<div class=\"elementor-element elementor-element-8ca467b elementor-widget elementor-widget-image\" data-id=\"8ca467b\" data-element_type=\"widget\" data-widget_type=\"image.default\">\n\t\t\t\t<div class=\"elementor-widget-container\">\n\t\t\t\t\t\t\t\t\t\t\t\t\t\t\t<img decoding=\"async\" src=\"https:\/\/kilometrodelarte.5176.es\/wp-content\/plugins\/elementor\/assets\/images\/placeholder.png\" title=\"\" alt=\"\" \/>\t\t\t\t\t\t\t\t\t\t\t\t\t\t\t<\/div>\n\t\t\t\t<\/div>\n\t\t\t\t\t<\/div>\n\t\t<\/div>\n\t\t\t\t\t\t\t<\/div>\n\t\t<\/section>\n\t\t\t\t\t\t\t<\/div>\n\t\t","protected":false},"excerpt":{"rendered":"<p>OLARTE En busca de un sue\u00f1o Autor Proyecto Proceso Inauguraci\u00f3n Jos\u00e9 Antonio Olarte (Haro, 1958)Artista autodidacta, caracterizado por la constancia, duro trabajo, aprendizaje y compromiso con su obra, sobre todo escult\u00f3rica, que le han permitido elaborar pinturas y esculturas en diferentes formatos y materiales (acero, bronce o madera), realizadas con un lenguaje sobrio y sint\u00e9tico. &#8230; <a title=\"Olarte &#8211; En busca de un sue\u00f1o\" class=\"read-more\" href=\"https:\/\/kilometrodelarte.5176.es\/index.php\/olarte-en-busca-de-un-sueno\/\" aria-label=\"M\u00e1s en Olarte &#8211; En busca de un sue\u00f1o\">Leer m\u00e1s<\/a><\/p>\n","protected":false},"author":1,"featured_media":0,"parent":0,"menu_order":0,"comment_status":"closed","ping_status":"closed","template":"elementor_header_footer","meta":{"footnotes":""},"class_list":["post-146","page","type-page","status-publish"],"_links":{"self":[{"href":"https:\/\/kilometrodelarte.5176.es\/index.php\/wp-json\/wp\/v2\/pages\/146","targetHints":{"allow":["GET"]}}],"collection":[{"href":"https:\/\/kilometrodelarte.5176.es\/index.php\/wp-json\/wp\/v2\/pages"}],"about":[{"href":"https:\/\/kilometrodelarte.5176.es\/index.php\/wp-json\/wp\/v2\/types\/page"}],"author":[{"embeddable":true,"href":"https:\/\/kilometrodelarte.5176.es\/index.php\/wp-json\/wp\/v2\/users\/1"}],"replies":[{"embeddable":true,"href":"https:\/\/kilometrodelarte.5176.es\/index.php\/wp-json\/wp\/v2\/comments?post=146"}],"version-history":[{"count":25,"href":"https:\/\/kilometrodelarte.5176.es\/index.php\/wp-json\/wp\/v2\/pages\/146\/revisions"}],"predecessor-version":[{"id":172,"href":"https:\/\/kilometrodelarte.5176.es\/index.php\/wp-json\/wp\/v2\/pages\/146\/revisions\/172"}],"wp:attachment":[{"href":"https:\/\/kilometrodelarte.5176.es\/index.php\/wp-json\/wp\/v2\/media?parent=146"}],"curies":[{"name":"wp","href":"https:\/\/api.w.org\/{rel}","templated":true}]}}